{"id":39,"date":"2014-07-21T11:39:17","date_gmt":"2014-07-21T09:39:17","guid":{"rendered":"http:\/\/hsc-booker2006.de\/?page_id=39"},"modified":"2021-12-31T17:14:58","modified_gmt":"2021-12-31T16:14:58","slug":"startseite","status":"publish","type":"page","link":"http:\/\/hsc-booker2006.de\/","title":{"rendered":""},"content":{"rendered":"\n<p><\/p>\n\n\n\n<p><strong>Herzlich Willkommen auf unserer Seite!<\/strong><\/p>\n\n\n\n<p>Wir sind der <a href=\"https:\/\/hsc-hannover.de\/sparten\/fussball\/nachwuchs\/leistungsbereich\/u16\/\" target=\"_blank\" rel=\"noreferrer noopener\">Jahrgang 2006<\/a> vom <a rel=\"noreferrer noopener\" href=\"http:\/\/www.hsc-hannover.de\/\" target=\"_blank\">HSC Hannover<\/a>.<br>Hier k\u00f6nnt ihr alles \u00fcber unsere Aktivit\u00e4ten erfahren und mit uns in Kontakt treten.<\/p>\n\n\n\n<p>Viel Spa\u00df!<\/p>\n\n\n<p><a href=\"http:\/\/hsc-booker2006.de\/wp-content\/uploads\/2019\/10\/Nicole_Beckmann_Fotografie_HSC_Mannschaft_U14_web.jpg\"><img loading=\"lazy\" class=\"alignleft size-full wp-image-3027\" src=\"http:\/\/hsc-booker2006.de\/wp-content\/uploads\/2019\/10\/Nicole_Beckmann_Fotografie_HSC_Mannschaft_U14_web.jpg\" alt=\"\" width=\"900\" height=\"650\" srcset=\"http:\/\/hsc-booker2006.de\/wp-content\/uploads\/2019\/10\/Nicole_Beckmann_Fotografie_HSC_Mannschaft_U14_web.jpg 900w, http:\/\/hsc-booker2006.de\/wp-content\/uploads\/2019\/10\/Nicole_Beckmann_Fotografie_HSC_Mannschaft_U14_web-300x217.jpg 300w, http:\/\/hsc-booker2006.de\/wp-content\/uploads\/2019\/10\/Nicole_Beckmann_Fotografie_HSC_Mannschaft_U14_web-768x555.jpg 768w, http:\/\/hsc-booker2006.de\/wp-content\/uploads\/2019\/10\/Nicole_Beckmann_Fotografie_HSC_Mannschaft_U14_web-600x433.jpg 600w\" sizes=\"(max-width: 900px) 100vw, 900px\" \/><\/a><\/p>\n<p>&nbsp;<\/p>\n<p>&nbsp;<\/p>\n\n\n<p><\/p>\n\n\n\n<h2><strong>HSC U14 live verfolgen:<\/strong><\/h2>\n\n\n\n<pre class=\"wp-block-preformatted\"><div class=\"stream\"><div class=\"stream\"><iframe src=\"\/\/fidget.io\/resources\/video\/HSC_Booker_2006?from_plugin=true\" frameborder=\"0\" scrolling=\"no\" height=\"378\" width=\"100%\"><\/iframe><\/div><\/div><\/pre>\n\n\n\n<p><\/p>\n","protected":false},"excerpt":{"rendered":"<p>Herzlich Willkommen auf unserer Seite! Wir sind der Jahrgang 2006 vom HSC Hannover.Hier k\u00f6nnt ihr alles \u00fcber unsere Aktivit\u00e4ten erfahren und mit uns in Kontakt treten. Viel Spa\u00df! &nbsp; &nbsp; HSC U14 live verfolgen:<\/p>\n","protected":false},"author":1,"featured_media":0,"parent":19,"menu_order":0,"comment_status":"closed","ping_status":"closed","template":"","meta":{"ngg_post_thumbnail":0},"_links":{"self":[{"href":"http:\/\/hsc-booker2006.de\/index.php?rest_route=\/wp\/v2\/pages\/39"}],"collection":[{"href":"http:\/\/hsc-booker2006.de\/index.php?rest_route=\/wp\/v2\/pages"}],"about":[{"href":"http:\/\/hsc-booker2006.de\/index.php?rest_route=\/wp\/v2\/types\/page"}],"author":[{"embeddable":true,"href":"http:\/\/hsc-booker2006.de\/index.php?rest_route=\/wp\/v2\/users\/1"}],"replies":[{"embeddable":true,"href":"http:\/\/hsc-booker2006.de\/index.php?rest_route=%2Fwp%2Fv2%2Fcomments&post=39"}],"version-history":[{"count":56,"href":"http:\/\/hsc-booker2006.de\/index.php?rest_route=\/wp\/v2\/pages\/39\/revisions"}],"predecessor-version":[{"id":3157,"href":"http:\/\/hsc-booker2006.de\/index.php?rest_route=\/wp\/v2\/pages\/39\/revisions\/3157"}],"up":[{"embeddable":true,"href":"http:\/\/hsc-booker2006.de\/index.php?rest_route=\/wp\/v2\/pages\/19"}],"wp:attachment":[{"href":"http:\/\/hsc-booker2006.de\/index.php?rest_route=%2Fwp%2Fv2%2Fmedia&parent=39"}],"curies":[{"name":"wp","href":"https:\/\/api.w.org\/{rel}","templated":true}]}}